{"id":5903,"date":"2026-01-14T13:05:33","date_gmt":"2026-01-14T12:05:33","guid":{"rendered":"https:\/\/klimetica.com\/?page_id=5903"},"modified":"2026-01-14T13:05:33","modified_gmt":"2026-01-14T12:05:33","slug":"aviso-legal","status":"publish","type":"page","link":"https:\/\/klimetica.com\/ca\/aviso-legal\/","title":{"rendered":"Aviso legal"},"content":{"rendered":"<ol class=\"wp-block-list\">\n<li>AVISO LEGAL Y T\u00c9RMINOS DE USO\u00a0<\/li>\n<\/ol>\n\n\n\n<p>Podemos garantizarle que se encuentra en un espacio 100 % seguro, por ello, dando cumplimiento con el deber de informaci\u00f3n recogido en art\u00edculo 10 de la Ley 34\/2002, de 11 de julio, de Servicios de la Sociedad de la Informaci\u00f3n y del Comercio Electr\u00f3nico, a continuaci\u00f3n, se hace constar:<\/p>\n\n\n\n<p>1.1. Datos identificativos del responsable<\/p>\n\n\n\n<p>Tal y como recoge la Ley 34\/2002, de 11 de julio, de servicios de la sociedad de la informaci\u00f3n y de comercio electr\u00f3nico, te informo que:<\/p>\n\n\n\n<figure class=\"wp-block-table\"><table class=\"has-fixed-layout\"><tbody><tr><td colspan=\"5\">Raz\u00f3n Social (en adelante,&nbsp;<strong>EL RESPONSABLE<\/strong>)<\/td><td colspan=\"2\">KLIMETICA<\/td><\/tr><tr><td>CIF<\/td><td>47360189S<\/td><td colspan=\"4\">Email (en adelante&nbsp;<strong>CORREO<\/strong>)<\/td><td>Soporte<br>soporte@klimetica.es<\/td><\/tr><tr><td colspan=\"4\">Domicilio social (en adelante&nbsp;<strong>DIRECCION<\/strong>)<\/td><td colspan=\"3\">C\/Falsa 123, Calafell<\/td><\/tr><tr><td colspan=\"3\">La actividad social es<\/td><td colspan=\"4\">Actividades jur\u00eddicas<\/td><\/tr><\/tbody><\/table><\/figure>\n\n\n\n<p>Los servicios prestados por el responsable de la p\u00e1gina web son los siguientes:<\/p>\n\n\n\n<figure class=\"wp-block-table\"><table class=\"has-fixed-layout\"><tbody><tr><td>Representaci\u00f3n procesal.<\/td><\/tr><tr><td>Tramitaci\u00f3n y seguimiento de procedimientos judiciales.<\/td><\/tr><tr><td>Redacci\u00f3n y presentaci\u00f3n de escritos.<\/td><\/tr><tr><td>Control de plazos y se\u00f1alamiento.<\/td><\/tr><\/tbody><\/table><\/figure>\n\n\n\n<p>1.3. Usuarios:<\/p>\n\n\n\n<p>El acceso y\/o uso de este sitio web atribuye la condici\u00f3n de USUARIO, que acepta, desde dicho acceso y\/o uso, los presentes t\u00e9rminos de uso, no obstante, por el mero uso de la p\u00e1gina web no significa el inicio de relaci\u00f3n laboral\/comercial alguna.<\/p>\n\n\n\n<p>1.4. Uso del sitio web y captura de informaci\u00f3n:&nbsp;<\/p>\n\n\n\n<p>1.4.1 Uso del Sitio WEB<\/p>\n\n\n\n<p>La p\u00e1gina web:<\/p>\n\n\n\n<figure class=\"wp-block-table\"><table class=\"has-fixed-layout\"><tbody><tr><td><a href=\"https:\/\/procuradordeacoruna.com\/\" target=\"_blank\" rel=\"noreferrer noopener\">www.procuradordeacoruna.com<\/a><\/td><td>, en adelante (<strong>SITIO WEB<\/strong>)<\/td><\/tr><\/tbody><\/table><\/figure>\n\n\n\n<p>proporciona el acceso a art\u00edculos, informaciones, servicios y datos (en adelante, \u201clos contenidos\u201d) propiedad de EL RESPONSABLE&nbsp;<\/p>\n\n\n\n<p>El USUARIO asume la responsabilidad del uso de la web.<\/p>\n\n\n\n<p>El USUARIO se compromete a hacer un uso adecuado de los contenidos que ofrece a trav\u00e9s de su web y con car\u00e1cter enunciativo, pero no limitativo, a no emplearlos para:<\/p>\n\n\n\n<ol class=\"wp-block-list\">\n<li>incurrir en actividades il\u00edcitas, ilegales o contrarias a la buena fe y al orden p\u00fablico;\u00a0<\/li>\n\n\n\n<li>difundir contenidos o propaganda de car\u00e1cter racista, xen\u00f3fobo, pornogr\u00e1fico-ilegal, de apolog\u00eda del terrorismo o atentatorio contra los derechos humanos;\u00a0<\/li>\n\n\n\n<li>provocar da\u00f1os en los sistemas f\u00edsicos y l\u00f3gicos de la web, de sus proveedores o de terceras personas, introducir o difundir en la red virus inform\u00e1ticos o cualesquiera otros sistemas f\u00edsicos o l\u00f3gicos que sean susceptibles de provocar los da\u00f1os anteriormente mencionados;\u00a0<\/li>\n\n\n\n<li>intentar acceder y, en su caso, utilizar las cuentas de correo electr\u00f3nico de otros usuarios y modificar o manipular sus mensajes.<\/li>\n<\/ol>\n\n\n\n<p>El propietario de la web se reserva el derecho de retirar todos aquellos comentarios y aportaciones que vulneren el respeto a la dignidad de la persona, que sean discriminatorios, xen\u00f3fobos, racistas, pornogr\u00e1ficos, que atenten contra la juventud o la infancia, el orden o la seguridad p\u00fablica o que, a su juicio, no resultaran adecuados para su publicaci\u00f3n.<\/p>\n\n\n\n<p>En cualquier caso, el propietario de la web no ser\u00e1 responsable de las opiniones vertidas por los usuarios a trav\u00e9s del blog u otras herramientas de participaci\u00f3n que puedan crearse, conforme a lo previsto en la normativa de aplicaci\u00f3n.<\/p>\n\n\n\n<p>1.4.2 Captura de informaci\u00f3n<\/p>\n\n\n\n<ul class=\"wp-block-list\">\n<li>Formulario de contacto, donde el USUARIO deber\u00e1 rellenar el campo de correo electr\u00f3nico, asunto y nombre.<\/li>\n\n\n\n<li>Formulario de suscripci\u00f3n, rellenando el USUARIO los campos necesarios para la suscripci\u00f3n a la web con los campos de nombre, y email<\/li>\n\n\n\n<li>Formulario de venta, rellenando el USUARIO los campos necesarios para la venta con los campos de nombre, email, direcci\u00f3n y DNI.<\/li>\n\n\n\n<li>Cookies de rastreo, conforme a las reglas establecida en nuestra pol\u00edtica de cookies<\/li>\n\n\n\n<li>Navegaci\u00f3n y Direcci\u00f3n IP: Al navegar por esta web, el usuario facilita de forma autom\u00e1tica al servidor de la web informaci\u00f3n relativa a tu direcci\u00f3n IP, fecha y hora de acceso, el hiperv\u00ednculo que le ha reenviado a \u00e9stas, tu sistema operativo y el navegador utilizado.\u00a0<\/li>\n<\/ul>\n\n\n\n<p>En todo caso EL RESPONSABLE se reserva el derecho de modificar, en cualquier momento y sin necesidad de previo aviso, la presentaci\u00f3n y configuraci\u00f3n de la web como el presente aviso legal.<\/p>\n\n\n\n<ol start=\"2\" class=\"wp-block-list\">\n<li>PROPIEDAD INTELECTUAL E INDUSTRIAL:<\/li>\n<\/ol>\n\n\n\n<p>EL RESPONSABLE por s\u00ed o como cesionario, es titular de todos los derechos de propiedad intelectual e industrial de su p\u00e1gina web, as\u00ed como de los elementos contenidos en la misma (a t\u00edtulo enunciativo, im\u00e1genes, sonido, audio, v\u00eddeo, software o textos; marcas o logotipos, combinaciones de colores, estructura y dise\u00f1o, selecci\u00f3n de materiales usados, programas de ordenador necesarios para su funcionamiento, acceso y uso, etc.), titularidad de EL RESPONSABLE o bien de sus licenciantes con todos los derechos reservados.<\/p>\n\n\n\n<p>Cualquier uso no autorizado previamente por EL RESPONSABLE ser\u00e1 considerado un incumplimiento grave de los derechos de propiedad intelectual o industrial del autor.<\/p>\n\n\n\n<p>Quedan expresamente prohibidas la reproducci\u00f3n, la distribuci\u00f3n y la comunicaci\u00f3n p\u00fablica, incluida su modalidad de puesta a disposici\u00f3n, de la totalidad o parte de los contenidos de esta p\u00e1gina web, con fines comerciales, en cualquier soporte y por cualquier medio t\u00e9cnico, sin la autorizaci\u00f3n del propietario de la web.<\/p>\n\n\n\n<p>El USUARIO se compromete a respetar los derechos de Propiedad Intelectual e Industrial titularidad de EL RESPONSABLE.<\/p>\n\n\n\n<p>Podr\u00e1 visualizar \u00fanicamente los elementos de la web sin posibilidad de imprimirlos, copiarlos o almacenarlos en el disco duro de su ordenador o en cualquier otro soporte f\u00edsico. El USUARIO deber\u00e1 abstenerse de suprimir, alterar, eludir o manipular cualquier dispositivo de protecci\u00f3n o sistema de seguridad que estuviera instalado en las p\u00e1ginas de EL RESPONSABLE.<\/p>\n\n\n\n<p>Queda terminantemente prohibido compartir la licencia para uso con m\u00e1s personas, cada licencia es personal e intransferible reserv\u00e1ndonos cuantas acciones civiles y penales nos asistan en aras de salvaguardar nuestros derechos, todo ello bajo apercibimiento de incurrir en un delito contra la propiedad intelectual del art. 270 y ss del C\u00f3digo Penal con penas de prisi\u00f3n de hasta 4 a\u00f1os.<\/p>\n\n\n\n<ol start=\"3\" class=\"wp-block-list\">\n<li>EXCLUSI\u00d3N DE GARANT\u00cdAS Y RESPONSABILIDAD<\/li>\n<\/ol>\n\n\n\n<p>EL RESPONSABLE no se hace responsable, en ning\u00fan caso, de los da\u00f1os y perjuicios de cualquier naturaleza que pudieran ocasionar, a t\u00edtulo enunciativo: por errores u omisiones en los contenidos, por falta de disponibilidad del sitio web, \u2013 el cual realizar\u00e1 paradas peri\u00f3dicas por mantenimientos t\u00e9cnicos \u2013 as\u00ed como por la transmisi\u00f3n de virus o programas maliciosos o lesivos en los contenidos, a pesar de haber adoptado todas las medidas tecnol\u00f3gicas necesarias para evitarlo.<\/p>\n\n\n\n<ol start=\"4\" class=\"wp-block-list\">\n<li>MODIFICACIONES<\/li>\n<\/ol>\n\n\n\n<p>&nbsp;EL RESPONSABLE se reserva el derecho de efectuar sin previo aviso las modificaciones que considere oportunas en su web, pudiendo cambiar, suprimir o a\u00f1adir tanto los contenidos y servicios que se presten a trav\u00e9s de la misma como la forma en la que \u00e9stos aparezcan presentados o localizados en su web.<\/p>\n\n\n\n<ol start=\"5\" class=\"wp-block-list\">\n<li>POL\u00cdTICA DE ENLACES<\/li>\n<\/ol>\n\n\n\n<p>Las personas o entidades que pretendan realizar o realicen un hiperenlace desde una p\u00e1gina web de otro portal de Internet a la web deber\u00e1 someterse las siguientes condiciones:<\/p>\n\n\n\n<ul class=\"wp-block-list\">\n<li>No se permite la reproducci\u00f3n total o parcial de ninguno de los servicios ni contenidos del sitio web sin la previa autorizaci\u00f3n expresa del propietario de la web.<\/li>\n\n\n\n<li>No se establecer\u00e1n deep-links ni enlaces IMG o de imagen, ni frames con la web sin su previa autorizaci\u00f3n expresa.<\/li>\n\n\n\n<li>No se establecer\u00e1 ninguna manifestaci\u00f3n falsa, inexacta o incorrecta sobre la web, ni sobre los servicios o contenidos de la misma. Salvo aquellos signos que formen parte del hiperv\u00ednculo, la p\u00e1gina web en la que se establezca no contendr\u00e1 ninguna marca, nombre comercial, r\u00f3tulo de establecimiento, denominaci\u00f3n, logotipo,\u00a0<\/li>\n<\/ul>\n\n\n\n<p>eslogan u otros signos distintivos pertenecientes a EL RESPONSABLE,&nbsp;<\/p>\n\n\n\n<p>salvo autorizaci\u00f3n expresa de \u00e9ste.<\/p>\n\n\n\n<ul class=\"wp-block-list\">\n<li>El establecimiento del hiperv\u00ednculo no implicar\u00e1 la existencia de relaciones entre EL RESPONSABLE\u00a0 y el titular de la p\u00e1gina web o del portal desde el cual se realice, ni el conocimiento y aceptaci\u00f3n de EL RESPONSABLE de los servicios y contenidos ofrecidos en dicha p\u00e1gina web o portal.<\/li>\n\n\n\n<li>EL RESPONSABLE no ser\u00e1 responsable de los contenidos o servicios puestos a disposici\u00f3n del p\u00fablico en la p\u00e1gina web o portal desde el cual se realice el hiperv\u00ednculo, ni de las informaciones y manifestaciones incluidas en los mismos.<\/li>\n<\/ul>\n\n\n\n<p>El sitio web puede poner a disposici\u00f3n del usuario conexiones y enlaces a otros sitios web gestionados y controlados por terceros. Dichos enlaces tienen como exclusiva funci\u00f3n, la de facilitar a los usuarios la b\u00fasqueda de informaci\u00f3n, contenidos y servicios en Internet, sin que en ning\u00fan caso pueda considerarse una sugerencia, recomendaci\u00f3n o invitaci\u00f3n para la visita de los mismos.<\/p>\n\n\n\n<p>EL RESPONSABLE no comercializa, ni dirige, ni controla previamente, ni hace propios los contenidos, servicios, informaciones y manifestaciones disponibles en dichos sitios web.<\/p>\n\n\n\n<p>EL RESPONSABLE no asume ning\u00fan tipo de responsabilidad, ni siquiera de forma indirecta o subsidiaria, por los da\u00f1os y perjuicios de toda clase que pudieran derivarse del acceso, mantenimiento, uso, calidad, licitud, fiabilidad y utilidad de los contenidos, informaciones, comunicaciones, opiniones, manifestaciones, productos y servicios existentes u ofrecidos en los sitios web no gestionados por EL RESPONSABLE y que resulten accesibles a trav\u00e9s de EL RESPONSABLE<\/p>\n\n\n\n<ol start=\"6\" class=\"wp-block-list\">\n<li>DERECHO DE EXCLUSI\u00d3N<\/li>\n<\/ol>\n\n\n\n<p>El propietario de la web se reserva el derecho a denegar o retirar el acceso al portal y\/o los servicios ofrecidos sin necesidad de preaviso, a instancia propia o de un tercero, a aquellos usuarios que incumplan las presentes Condiciones Generales de Uso.<\/p>\n\n\n\n<ol start=\"7\" class=\"wp-block-list\">\n<li>GENERALIDADES<\/li>\n<\/ol>\n\n\n\n<p>EL RESPONSABLE perseguir\u00e1 el incumplimiento de las presentes condiciones, as\u00ed como cualquier utilizaci\u00f3n indebida de su web ejerciendo todas las acciones civiles y penales que le puedan corresponder en derecho.<\/p>\n\n\n\n<ol start=\"8\" class=\"wp-block-list\">\n<li>MODIFICACI\u00d3N DE LAS PRESENTES CONDICIONES Y DURACI\u00d3N<\/li>\n<\/ol>\n\n\n\n<p>EL RESPONSABLE podr\u00e1 modificar en cualquier momento las condiciones aqu\u00ed determinadas, siendo debidamente publicadas como aqu\u00ed aparecen. La vigencia de las citadas condiciones ir\u00e1 en funci\u00f3n de su exposici\u00f3n y estar\u00e1n vigentes hasta que sean modificadas por otras debidamente publicadas.<\/p>\n\n\n\n<ol start=\"9\" class=\"wp-block-list\">\n<li>RECLAMACIONES Y DUDAS<\/li>\n<\/ol>\n\n\n\n<p>EL RESPONSABLE informa que existen hojas de reclamaci\u00f3n a disposici\u00f3n de usuarios y clientes pudiendo remitir un correo a CORREO indicando su nombre y apellidos, el servicio o producto adquirido y exponiendo los motivos de su reclamaci\u00f3n.<\/p>\n\n\n\n<p>Tambi\u00e9n puede dirigir su reclamaci\u00f3n por correo postal dirigido a: DIRECCION<\/p>\n\n\n\n<ol start=\"10\" class=\"wp-block-list\">\n<li>LEGISLACI\u00d3N APLICABLE Y JURISDICCI\u00d3N<\/li>\n<\/ol>\n\n\n\n<p>La relaci\u00f3n entre EL RESPONSABLE y el USUARIO se regir\u00e1 por la normativa espa\u00f1ola vigente y cualquier controversia se someter\u00e1 a los Juzgados y tribunales de la ciudad de Madrid, salvo que la Ley aplicable disponga otra cosa.<\/p>","protected":false},"excerpt":{"rendered":"<p>Podemos garantizarle que se encuentra en un espacio 100 % seguro, por ello, dando cumplimiento con el deber de informaci\u00f3n recogido en art\u00edculo 10 de la Ley 34\/2002, de 11 de julio, de Servicios de la Sociedad de la Informaci\u00f3n y del Comercio Electr\u00f3nico, a continuaci\u00f3n, se hace constar: 1.1. Datos identificativos del responsable Tal [&hellip;]<\/p>\n","protected":false},"author":1,"featured_media":0,"parent":0,"menu_order":0,"comment_status":"closed","ping_status":"closed","template":"","meta":{"footnotes":""},"class_list":["post-5903","page","type-page","status-publish","hentry"],"_links":{"self":[{"href":"https:\/\/klimetica.com\/ca\/wp-json\/wp\/v2\/pages\/5903","targetHints":{"allow":["GET"]}}],"collection":[{"href":"https:\/\/klimetica.com\/ca\/wp-json\/wp\/v2\/pages"}],"about":[{"href":"https:\/\/klimetica.com\/ca\/wp-json\/wp\/v2\/types\/page"}],"author":[{"embeddable":true,"href":"https:\/\/klimetica.com\/ca\/wp-json\/wp\/v2\/users\/1"}],"replies":[{"embeddable":true,"href":"https:\/\/klimetica.com\/ca\/wp-json\/wp\/v2\/comments?post=5903"}],"version-history":[{"count":2,"href":"https:\/\/klimetica.com\/ca\/wp-json\/wp\/v2\/pages\/5903\/revisions"}],"predecessor-version":[{"id":5905,"href":"https:\/\/klimetica.com\/ca\/wp-json\/wp\/v2\/pages\/5903\/revisions\/5905"}],"wp:attachment":[{"href":"https:\/\/klimetica.com\/ca\/wp-json\/wp\/v2\/media?parent=5903"}],"curies":[{"name":"wp","href":"https:\/\/api.w.org\/{rel}","templated":true}]}}