{"id":5900,"date":"2026-01-14T13:04:39","date_gmt":"2026-01-14T12:04:39","guid":{"rendered":"https:\/\/klimetica.com\/?page_id=5900"},"modified":"2026-01-14T13:04:39","modified_gmt":"2026-01-14T12:04:39","slug":"poitica-de-cookies","status":"publish","type":"page","link":"https:\/\/klimetica.com\/ca\/poitica-de-cookies\/","title":{"rendered":"Pol\u00edtica de Cookies"},"content":{"rendered":"\n<h5 class=\"wp-block-heading\"><\/h5>\n\n\n\n<ul class=\"wp-block-list\">\n<li>La organizaci\u00f3n\u00a0<strong>VANESSA MARIA ASTRAY VARELA<\/strong>\u00a0se ha comprometido a hacer accesible su sitio web, de conformidad con el Real Decreto 1112\/2018, de 7 de septiembre, sobre accesibilidad de los sitios web y aplicaciones para dispositivos m\u00f3viles.\u00a0La presente declaraci\u00f3n de accesibilidad se aplica al sitio web:\u00a0<a href=\"https:\/\/klimetica.com\/\">www.klimetica.com<\/a><strong>SITUACI\u00d3N DE CUMPLIMIENTO<\/strong>Este sitio web es parcialmente conforme con el RD 1112\/2018 debido a las excepciones y a la falta de conformidad de los aspectos que se indican en el siguiente punto.\u00a0<strong>CONTENIDO NO ACCESIBLE<\/strong>. El contenido que se recoge a continuaci\u00f3n no es accesible por lo siguiente:<br><br><ul><li>Falta de conformidad con el RD 1112\/2018Carga desproporcionadaEl contenido no entra dentro del \u00e1mbito de la legislaci\u00f3n aplicable<\/li><\/ul><br>Podr\u00edan existir algunos aspectos de contraste que no cumplan los m\u00ednimos exigidos, 3:1, con respecto a los colores adyacentes del fondo de la secci\u00f3n de la web en cuesti\u00f3n. [9.1.4.11 Contraste no textual]Podr\u00edan existir algunos elementos no textuales no etiquetados correctamente [2.5.3 Etiqueta en el nombre] y [4.1.2 Nombre funci\u00f3n y valor]Los buscadores buscan autom\u00e1ticamente sin necesidad de ordenar ninguna acci\u00f3n por parte del usuario [3.2.2 Al recibir entradas]Podr\u00edan existir algunos textos en otro idioma no etiquetados correctamente [3.1.2 Idioma de las partes]Podr\u00edan existir errores de c\u00f3digo puntuales de edici\u00f3n en alguna p\u00e1gina web. [4.1.1 Procesamiento]\u00a0<br><br>No aplica.\u00a0<br><br>Podr\u00edan existir archivos ofim\u00e1ticos en PDF u otros formatos publicados antes del 20 de septiembre de 2018 que no cumplan en su totalidad todos los requisitos de accesibilidad. Aunque se ha procurado que la mayor\u00eda de ellos s\u00ed lo cumplan.\u00a0<strong>PREPARACI\u00d3N DE LA SIGUIENTE DECLARACI\u00d3N DE ACCESIBILIDAD<\/strong>La presente declaraci\u00f3n fue preparada en fecha\u00a0<strong><em>20\/3\/2024<\/em><\/strong>El m\u00e9todo empleado para preparar la declaraci\u00f3n ha sido<em>\u00a0autoevaluaci\u00f3n con medios externos<\/em>\u00a0llevada a cabo por la propia organizaci\u00f3n.La Declaraci\u00f3n de Accesibilidad ha sido revisada y actualizada en fecha\u00a0<strong><em>07\/08\/2024<\/em>OBSERVACIONES Y DATOS DE CONTACTO<\/strong>Puede realizar comunicaciones sobre requisitos de accesibilidad (art\u00edculo 10.2.a del RD 1112\/2018) como, por ejemplo:<br><br><ul><li>Informar sobre cualquier posible incumplimiento por parte de este sitio webTransmitir otras dificultades de acceso al contenidoFormular cualquier otra consulta o sugerencia de mejora relativa a la accesibilidad del sitio web<\/li><\/ul><br>A trav\u00e9s del formulario de contacto de este sitio web o a trav\u00e9s del n\u00famero de tel\u00e9fono:\u00a0<strong>646 39 51 92<\/strong>\u00a0Puede presentar:<br><br><ul><li>Queja relativa al cumplimiento de los requisitos del RD 1112\/2018 oSolicitud de Informaci\u00f3n accesible relativa a:<ul><li>Contenidos que est\u00e1n excluidos del \u00e1mbito de aplicaci\u00f3n del RD 1112\/2018 seg\u00fan lo establecido por el art\u00edculo 3, apartado 4Contenidos que est\u00e1n exentos del cumplimiento de los requisitos de accesibilidad por imponer una carga desproporcionada.<\/li><\/ul><\/li><\/ul><br>\u00a0En la Solicitud de informaci\u00f3n accesible, se debe concretar, con toda claridad, los hechos, razones y petici\u00f3n que permitan constatar que se trata de una solicitud razonable y leg\u00edtima.Las quejas y reclamaciones sobre informaci\u00f3n accesible se realizar\u00e1n a trav\u00e9s del correo:<strong><em>astray.procuradora@gmail.com<\/em><\/strong><br><strong><em><br><\/em>PROCEDIMIENTO DE APLICACI\u00d3N<\/strong>Si una vez realizada una solicitud de informaci\u00f3n accesible o queja, \u00e9sta hubiera sido desestimada, no se estuviera de acuerdo con la decisi\u00f3n adoptada, o la respuesta no cumpliera los requisitos contemplados en el art\u00edculo 12.5, la persona interesada podr\u00e1 iniciar una reclamaci\u00f3n. Igualmente se podr\u00e1 iniciar una reclamaci\u00f3n en el caso de que haya transcurrido el plazo de veinte d\u00edas h\u00e1biles sin haber obtenido respuesta.\u00a0\u00a0La reclamaci\u00f3n puede ser presentada trav\u00e9s de los medios y procedimientos que le detallamos en esta p\u00e1gina\u00a0<strong>CONTENIDO OPCIONAL<\/strong>Este portal est\u00e1 dise\u00f1ado para poder cambiar el tama\u00f1o del texto y el color, as\u00ed como el fondo de la p\u00e1gina mediante las opciones de configuraci\u00f3n est\u00e1ndar de los navegadores.Si desea cambiar el tama\u00f1o de letra del texto en los principales navegadores gr\u00e1ficos utilice los siguientes men\u00fas:<\/li>\n<\/ul>\n\n\n\n<ul class=\"wp-block-list\">\n<li>Internet Explorer, Mozilla y Firefox: Ver > Tama\u00f1o del texto<\/li>\n\n\n\n<li>Opera: Ver > Zoom<\/li>\n\n\n\n<li>Safari: Ver > Hacer el texto m\u00e1s grande<\/li>\n\n\n\n<li>Chrome: Controla la p\u00e1gina actual > Tama\u00f1o del texto<\/li>\n\n\n\n<li>Para modificar el tama\u00f1o de todo en la p\u00e1gina:\n<ul class=\"wp-block-list\">\n<li>\u201cCtrl + +\u201d para aumentarlo<\/li>\n\n\n\n<li>\u201cCtrl + \u201c-\u201c para disminuirlo<\/li>\n\n\n\n<li>\u201cCtrl + 0\u201d restaura el tama\u00f1o original del texto<\/li>\n\n\n\n<li>Si lo que quiere es anular la hoja de estilos o modificar el color del texto, puede consultar la p\u00e1gina \u201c<em>How to Change Text Size or Colors de la WAI<\/em>\u201d, que se puede leer traducida al espa\u00f1ol en \u201c<em>\u00bfC\u00f3mo cambiar el tama\u00f1o del texto o colores?\u201d<\/em><\/li>\n<\/ul>\n<\/li>\n<\/ul>\n","protected":false},"excerpt":{"rendered":"","protected":false},"author":1,"featured_media":0,"parent":0,"menu_order":0,"comment_status":"closed","ping_status":"closed","template":"","meta":{"footnotes":""},"class_list":["post-5900","page","type-page","status-publish","hentry"],"_links":{"self":[{"href":"https:\/\/klimetica.com\/ca\/wp-json\/wp\/v2\/pages\/5900","targetHints":{"allow":["GET"]}}],"collection":[{"href":"https:\/\/klimetica.com\/ca\/wp-json\/wp\/v2\/pages"}],"about":[{"href":"https:\/\/klimetica.com\/ca\/wp-json\/wp\/v2\/types\/page"}],"author":[{"embeddable":true,"href":"https:\/\/klimetica.com\/ca\/wp-json\/wp\/v2\/users\/1"}],"replies":[{"embeddable":true,"href":"https:\/\/klimetica.com\/ca\/wp-json\/wp\/v2\/comments?post=5900"}],"version-history":[{"count":2,"href":"https:\/\/klimetica.com\/ca\/wp-json\/wp\/v2\/pages\/5900\/revisions"}],"predecessor-version":[{"id":5902,"href":"https:\/\/klimetica.com\/ca\/wp-json\/wp\/v2\/pages\/5900\/revisions\/5902"}],"wp:attachment":[{"href":"https:\/\/klimetica.com\/ca\/wp-json\/wp\/v2\/media?parent=5900"}],"curies":[{"name":"wp","href":"https:\/\/api.w.org\/{rel}","templated":true}]}}