{"id":2163,"date":"2025-04-25T16:30:52","date_gmt":"2025-04-25T16:30:52","guid":{"rendered":"https:\/\/factgo.nextwpcook.com\/?page_id=2163"},"modified":"2026-01-14T12:08:46","modified_gmt":"2026-01-14T11:08:46","slug":"blog-2","status":"publish","type":"page","link":"https:\/\/klimetica.com\/ca\/blog-2\/","title":{"rendered":"Blog"},"content":{"rendered":"<div data-elementor-type=\"wp-page\" data-elementor-id=\"2163\" class=\"elementor elementor-2163\">\n\t\t\t\t<div class=\"elementor-element elementor-element-a720569 e-flex e-con-boxed e-con e-parent\" data-id=\"a720569\" data-element_type=\"container\" data-e-type=\"container\">\n\t\t\t\t\t<div class=\"e-con-inner\">\n\t\t\t\t<div class=\"elementor-element elementor-element-8c89544 elementor-widget elementor-widget-txwpc-blog\" data-id=\"8c89544\" data-element_type=\"widget\" data-e-type=\"widget\" data-widget_type=\"txwpc-blog.default\">\n\t\t\t\t<div class=\"elementor-widget-container\">\n\t\t\t\t\t                <div class=\"blog_one\">\r\n            <div class=\"blog_one-area show_one md_show_one sm_show_one\">\r\n                                    \r\n    <div class=\"blog_one-item\">\r\n                    <div class=\"blog_one-item-img\">\r\n                <div class=\"blog_one-item-image\">\r\n                                            <a href=\"https:\/\/klimetica.com\/ca\/consejo-proteccion-de-la-naturaleza-ambiental\/\">\r\n                            <img decoding=\"async\" src=\"https:\/\/klimetica.com\/wp-content\/uploads\/2025\/04\/53355.jpg\"\r\n                                alt=\"\">\r\n                        <\/a>\r\n                    \r\n                                    <\/div>\r\n            <\/div>\r\n                <div class=\"blog_one-item-content\">\r\n            <div>\r\n                                    <div class=\"blog_one-item-content-meta\">\r\n                        <ul>\r\n                                                            <li>\r\n                                    <a href=\"https:\/\/klimetica.com\/ca\/author\/rf78sf65d9dds\/\">\r\n                                        <i class=\"far fa-user\"><\/i>\r\n                                        Factor                                    <\/a>\r\n                                <\/li>\r\n                            \r\n                                                            <li>\r\n                                    <i class=\"fal fa-calendar-alt\"><\/i>\r\n                                    26 d'abril de 2025                                <\/li>\r\n                            \r\n                                                    <\/ul>\r\n                    <\/div>\r\n                \r\n                <h5 class=\"box-title\">\r\n                    <a href=\"https:\/\/klimetica.com\/ca\/consejo-proteccion-de-la-naturaleza-ambiental\/\">Consejo de Protecci\u00f3n de la Naturaleza: qu\u00e9 es, c\u00f3mo funciona y por qu\u00e9 es clave<\/a>\r\n                <\/h5>\r\n                                                    <a class=\"flexitype-button right\"\r\n                        href=\"https:\/\/klimetica.com\/ca\/consejo-proteccion-de-la-naturaleza-ambiental\/\">\r\n                        Read More                        <i\r\n                                class=\"flaticon flaticon-right-up\"><\/i>                    <\/a>\r\n                            <\/div>\r\n        <\/div>\r\n    <\/div>\r\n                            <\/div>\r\n                    <\/div>\r\n                        <script>\r\n            (function ($) {\r\n                \"use strict\";\r\n                $(document).ready(function () {\r\n                    var autoplayOption = \"yes\";\r\n                    var enableAutoplay = (autoplayOption === 'yes');\r\n                    var swiper = new Swiper(\".flexitype_slide85\", {\r\n                        loop: true,\r\n                        spaceBetween: null,\r\n                        speed: null,\r\n                        autoplay: enableAutoplay ? {\r\n                            delay: null,\r\n                            reverseDirection: false,\r\n                            disableOnInteraction: false,\r\n                        } : false,\r\n                        navigation: {\r\n                            prevEl: '.swiper-button-prev-',\r\n                            nextEl: '.swiper-button-next-',\r\n                        },\r\n                        pagination: {\r\n                            el: \".flexitype_slide_dots-\",\r\n                            clickable: true,\r\n                        },\r\n                        breakpoints: {\r\n                            0: {\r\n                                slidesPerView: null,\r\n                            },\r\n                            768: {\r\n                                slidesPerView: null,\r\n                            },\r\n                            1025: {\r\n                                slidesPerView: null,\r\n                            },\r\n                            1600: {\r\n                                slidesPerView: null,\r\n                            },\r\n                        },\r\n                    });\r\n\r\n                });\r\n            })(jQuery);\r\n        <\/script>\r\n        \t\t\t\t<\/div>\n\t\t\t\t<\/div>\n\t\t\t\t\t<\/div>\n\t\t\t\t<\/div>\n\t\t\t\t<\/div>","protected":false},"excerpt":{"rendered":"<p>Rf78sf65d9dDS 13 de enero de 2026 \u00a1Hola, mundo! Read More Rf78sf65d9dDS 26 de abril de 2025 How Solar Energy Improves Your Property Value Read More Rf78sf65d9dDS 26 de abril de 2025 Simple Ways to Make Your Home Eco-Friendly Read More Rf78sf65d9dDS 26 de abril de 2025 Affordable Solar Solutions for Small Business Owners Read More [&hellip;]<\/p>\n","protected":false},"author":1,"featured_media":0,"parent":0,"menu_order":0,"comment_status":"closed","ping_status":"closed","template":"","meta":{"footnotes":""},"class_list":["post-2163","page","type-page","status-publish","hentry"],"_links":{"self":[{"href":"https:\/\/klimetica.com\/ca\/wp-json\/wp\/v2\/pages\/2163","targetHints":{"allow":["GET"]}}],"collection":[{"href":"https:\/\/klimetica.com\/ca\/wp-json\/wp\/v2\/pages"}],"about":[{"href":"https:\/\/klimetica.com\/ca\/wp-json\/wp\/v2\/types\/page"}],"author":[{"embeddable":true,"href":"https:\/\/klimetica.com\/ca\/wp-json\/wp\/v2\/users\/1"}],"replies":[{"embeddable":true,"href":"https:\/\/klimetica.com\/ca\/wp-json\/wp\/v2\/comments?post=2163"}],"version-history":[{"count":3,"href":"https:\/\/klimetica.com\/ca\/wp-json\/wp\/v2\/pages\/2163\/revisions"}],"predecessor-version":[{"id":5862,"href":"https:\/\/klimetica.com\/ca\/wp-json\/wp\/v2\/pages\/2163\/revisions\/5862"}],"wp:attachment":[{"href":"https:\/\/klimetica.com\/ca\/wp-json\/wp\/v2\/media?parent=2163"}],"curies":[{"name":"wp","href":"https:\/\/api.w.org\/{rel}","templated":true}]}}